{"id":11,"date":"2026-03-31T23:03:13","date_gmt":"2026-04-01T02:03:13","guid":{"rendered":"https:\/\/saudelagom.com.br\/blog\/?page_id=11"},"modified":"2026-04-07T15:39:40","modified_gmt":"2026-04-07T18:39:40","slug":"blog","status":"publish","type":"page","link":"https:\/\/saudelagom.com.br\/blog\/","title":{"rendered":"Blog"},"content":{"rendered":"\t\t<div data-elementor-type=\"wp-page\" data-elementor-id=\"11\" class=\"elementor elementor-11\" data-elementor-post-type=\"page\">\n\t\t\t\t<div class=\"elementor-element elementor-element-ac1e72d e-flex e-con-boxed e-con e-parent\" data-id=\"ac1e72d\" data-element_type=\"container\" data-e-type=\"container\" data-settings=\"{&quot;background_background&quot;:&quot;classic&quot;}\">\n\t\t\t\t\t<div class=\"e-con-inner\">\n\t\t\t\t\t\t\t<h2 \n\t\tdata-interaction-id=\"2ca9d33\" \n\t\tclass=\"e-2ca9d33-75056d2 e-heading-base\" \n\t\t \n\t\tdata-e-type=\"widget\" data-id=\"2ca9d33\"\n\t>\n\t\n\t\t\t<strong>Blog da Dra. Michele Ouriques<\/strong>\n\t\t<\/h2>\n\t\t\t\t\t\t\t\t<p class=\"e-c1f0218-481e74a e-paragraph-base\" data-interaction-id=\"c1f0218\"  data-e-type=\"widget\" data-id=\"c1f0218\">\n\t\t\t\t\t\t\t\tArtigos especializados sobre geriatria, cuidados continuados e tratamentos personalizados para promover longevidade saud\u00e1vel e qualidade de vida.\n\t\t\t\t\t<\/p>\n\t\t\t\t\t<\/div>\n\t\t\t\t<\/div>\n\t\t<div class=\"elementor-element elementor-element-7e14742 e-flex e-con-boxed e-con e-parent\" data-id=\"7e14742\" data-element_type=\"container\" data-e-type=\"container\" data-settings=\"{&quot;background_background&quot;:&quot;classic&quot;}\">\n\t\t\t\t\t<div class=\"e-con-inner\">\n\t\t\t\t<div class=\"elementor-element elementor-element-5f64fd6 elementor-grid-3 elementor-grid-tablet-2 elementor-grid-mobile-1 elementor-posts--thumbnail-top elementor-card-shadow-yes elementor-posts__hover-gradient elementor-widget elementor-widget-posts\" data-id=\"5f64fd6\" data-element_type=\"widget\" data-e-type=\"widget\" data-settings=\"{&quot;cards_columns&quot;:&quot;3&quot;,&quot;cards_columns_tablet&quot;:&quot;2&quot;,&quot;cards_columns_mobile&quot;:&quot;1&quot;,&quot;cards_row_gap&quot;:{&quot;unit&quot;:&quot;px&quot;,&quot;size&quot;:35,&quot;sizes&quot;:[]},&quot;cards_row_gap_tablet&quot;:{&quot;unit&quot;:&quot;px&quot;,&quot;size&quot;:&quot;&quot;,&quot;sizes&quot;:[]},&quot;cards_row_gap_mobile&quot;:{&quot;unit&quot;:&quot;px&quot;,&quot;size&quot;:&quot;&quot;,&quot;sizes&quot;:[]}}\" data-widget_type=\"posts.cards\">\n\t\t\t\t<div class=\"elementor-widget-container\">\n\t\t\t\t\t\t\t<div class=\"elementor-posts-container elementor-posts elementor-posts--skin-cards elementor-grid\" role=\"list\">\n\t\t\t\t<article class=\"elementor-post elementor-grid-item post-50 post type-post status-publish format-standard has-post-thumbnail hentry category-sem-categoria\" role=\"listitem\">\n\t\t\t<div class=\"elementor-post__card\">\n\t\t\t\t<a class=\"elementor-post__thumbnail__link\" href=\"https:\/\/saudelagom.com.br\/blog\/quando-ter-um-cuidador-em-casa\/\" tabindex=\"-1\" ><div class=\"elementor-post__thumbnail\"><img fetchpriority=\"high\" decoding=\"async\" width=\"1536\" height=\"1024\" src=\"https:\/\/saudelagom.com.br\/blog\/wp-content\/uploads\/2026\/04\/ChatGPT-Image-1-de-abr.-de-2026-08_14_38-1-1.png\" class=\"attachment-full size-full wp-image-51\" alt=\"\" srcset=\"https:\/\/saudelagom.com.br\/blog\/wp-content\/uploads\/2026\/04\/ChatGPT-Image-1-de-abr.-de-2026-08_14_38-1-1.png 1536w, https:\/\/saudelagom.com.br\/blog\/wp-content\/uploads\/2026\/04\/ChatGPT-Image-1-de-abr.-de-2026-08_14_38-1-1-300x200.png 300w, https:\/\/saudelagom.com.br\/blog\/wp-content\/uploads\/2026\/04\/ChatGPT-Image-1-de-abr.-de-2026-08_14_38-1-1-1024x683.png 1024w, https:\/\/saudelagom.com.br\/blog\/wp-content\/uploads\/2026\/04\/ChatGPT-Image-1-de-abr.-de-2026-08_14_38-1-1-768x512.png 768w\" sizes=\"(max-width: 1536px) 100vw, 1536px\" \/><\/div><\/a>\n\t\t\t\t<div class=\"elementor-post__text\">\n\t\t\t\t<h3 class=\"elementor-post__title\">\n\t\t\t<a href=\"https:\/\/saudelagom.com.br\/blog\/quando-ter-um-cuidador-em-casa\/\" >\n\t\t\t\tQuando ter um cuidador em casa?\t\t\t<\/a>\n\t\t<\/h3>\n\t\t\t\t<div class=\"elementor-post__excerpt\">\n\t\t\t<p>Cuidador de idosos em casa: quando \u00e9 necess\u00e1rio e como escolher com seguran\u00e7a Perceber que seus pais ou av\u00f3s est\u00e3o envelhecendo e come\u00e7ando<\/p>\n\t\t<\/div>\n\t\t\n\t\t<a class=\"elementor-post__read-more\" href=\"https:\/\/saudelagom.com.br\/blog\/quando-ter-um-cuidador-em-casa\/\" aria-label=\"Read more about Quando ter um cuidador em casa?\" tabindex=\"-1\" >\n\t\t\tLeia Mais \u00bb\t\t<\/a>\n\n\t\t\t\t<\/div>\n\t\t\t\t<div class=\"elementor-post__meta-data\">\n\t\t\t\t\t<span class=\"elementor-post-date\">\n\t\t\t1 de abril de 2026\t\t<\/span>\n\t\t\t\t<span class=\"elementor-post-avatar\">\n\t\t\tNenhum coment\u00e1rio\t\t<\/span>\n\t\t\t\t<\/div>\n\t\t\t\t\t<\/div>\n\t\t<\/article>\n\t\t\t\t<article class=\"elementor-post elementor-grid-item post-44 post type-post status-publish format-standard has-post-thumbnail hentry category-sem-categoria\" role=\"listitem\">\n\t\t\t<div class=\"elementor-post__card\">\n\t\t\t\t<a class=\"elementor-post__thumbnail__link\" href=\"https:\/\/saudelagom.com.br\/blog\/como-funciona-a-consulta-medica-geriatra\/\" tabindex=\"-1\" ><div class=\"elementor-post__thumbnail\"><img decoding=\"async\" width=\"701\" height=\"561\" src=\"https:\/\/saudelagom.com.br\/blog\/wp-content\/uploads\/2026\/04\/ChatGPT-Image-1-de-abr.-de-2026-08_06_10.png\" class=\"attachment-full size-full wp-image-47\" alt=\"\" srcset=\"https:\/\/saudelagom.com.br\/blog\/wp-content\/uploads\/2026\/04\/ChatGPT-Image-1-de-abr.-de-2026-08_06_10.png 701w, https:\/\/saudelagom.com.br\/blog\/wp-content\/uploads\/2026\/04\/ChatGPT-Image-1-de-abr.-de-2026-08_06_10-300x240.png 300w\" sizes=\"(max-width: 701px) 100vw, 701px\" \/><\/div><\/a>\n\t\t\t\t<div class=\"elementor-post__text\">\n\t\t\t\t<h3 class=\"elementor-post__title\">\n\t\t\t<a href=\"https:\/\/saudelagom.com.br\/blog\/como-funciona-a-consulta-medica-geriatra\/\" >\n\t\t\t\tComo funciona a consulta m\u00e9dica geriatra?\t\t\t<\/a>\n\t\t<\/h3>\n\t\t\t\t<div class=\"elementor-post__excerpt\">\n\t\t\t<p>Voc\u00ea est\u00e1 acostumado, muito provavelmente, a ir no m\u00e9dico falar qual a sua queixa principal, ele olhar apenas para o que voc\u00ea falou<\/p>\n\t\t<\/div>\n\t\t\n\t\t<a class=\"elementor-post__read-more\" href=\"https:\/\/saudelagom.com.br\/blog\/como-funciona-a-consulta-medica-geriatra\/\" aria-label=\"Read more about Como funciona a consulta m\u00e9dica geriatra?\" tabindex=\"-1\" >\n\t\t\tLeia Mais \u00bb\t\t<\/a>\n\n\t\t\t\t<\/div>\n\t\t\t\t<div class=\"elementor-post__meta-data\">\n\t\t\t\t\t<span class=\"elementor-post-date\">\n\t\t\t1 de abril de 2026\t\t<\/span>\n\t\t\t\t<span class=\"elementor-post-avatar\">\n\t\t\tNenhum coment\u00e1rio\t\t<\/span>\n\t\t\t\t<\/div>\n\t\t\t\t\t<\/div>\n\t\t<\/article>\n\t\t\t\t<article class=\"elementor-post elementor-grid-item post-1 post type-post status-publish format-standard has-post-thumbnail hentry category-sem-categoria\" role=\"listitem\">\n\t\t\t<div class=\"elementor-post__card\">\n\t\t\t\t<a class=\"elementor-post__thumbnail__link\" href=\"https:\/\/saudelagom.com.br\/blog\/ola-mundo\/\" tabindex=\"-1\" ><div class=\"elementor-post__thumbnail\"><img decoding=\"async\" width=\"768\" height=\"512\" src=\"https:\/\/saudelagom.com.br\/blog\/wp-content\/uploads\/2026\/04\/ChatGPT-Image-1-de-abr.-de-2026-08_02_44.png\" class=\"attachment-full size-full wp-image-46\" alt=\"\" srcset=\"https:\/\/saudelagom.com.br\/blog\/wp-content\/uploads\/2026\/04\/ChatGPT-Image-1-de-abr.-de-2026-08_02_44.png 768w, https:\/\/saudelagom.com.br\/blog\/wp-content\/uploads\/2026\/04\/ChatGPT-Image-1-de-abr.-de-2026-08_02_44-300x200.png 300w\" sizes=\"(max-width: 768px) 100vw, 768px\" \/><\/div><\/a>\n\t\t\t\t<div class=\"elementor-post__text\">\n\t\t\t\t<h3 class=\"elementor-post__title\">\n\t\t\t<a href=\"https:\/\/saudelagom.com.br\/blog\/ola-mundo\/\" >\n\t\t\t\tQuando procurar um geriatra?\t\t\t<\/a>\n\t\t<\/h3>\n\t\t\t\t<div class=\"elementor-post__excerpt\">\n\t\t\t<p>Com quantos anos devo procurar um geriatra? Uma das d\u00favidas mais comuns quando se fala em envelhecimento \u00e9: com quantos anos devo procurar<\/p>\n\t\t<\/div>\n\t\t\n\t\t<a class=\"elementor-post__read-more\" href=\"https:\/\/saudelagom.com.br\/blog\/ola-mundo\/\" aria-label=\"Read more about Quando procurar um geriatra?\" tabindex=\"-1\" >\n\t\t\tLeia Mais \u00bb\t\t<\/a>\n\n\t\t\t\t<\/div>\n\t\t\t\t<div class=\"elementor-post__meta-data\">\n\t\t\t\t\t<span class=\"elementor-post-date\">\n\t\t\t31 de mar\u00e7o de 2026\t\t<\/span>\n\t\t\t\t<span class=\"elementor-post-avatar\">\n\t\t\t1 coment\u00e1rio\t\t<\/span>\n\t\t\t\t<\/div>\n\t\t\t\t\t<\/div>\n\t\t<\/article>\n\t\t\t\t<\/div>\n\t\t\n\t\t\t\t\t\t<\/div>\n\t\t\t\t<\/div>\n\t\t\t\t\t<\/div>\n\t\t\t\t<\/div>\n\t\t\t\t<\/div>\n\t\t","protected":false},"excerpt":{"rendered":"<p>Blog da Dra. Michele Ouriques Artigos especializados sobre geriatria, cuidados continuados e tratamentos personalizados para promover longevidade saud\u00e1vel e qualidade de vida.<\/p>\n","protected":false},"author":1,"featured_media":47,"parent":0,"menu_order":0,"comment_status":"closed","ping_status":"closed","template":"elementor_header_footer","meta":{"footnotes":""},"class_list":["post-11","page","type-page","status-publish","has-post-thumbnail","hentry"],"_links":{"self":[{"href":"https:\/\/saudelagom.com.br\/blog\/wp-json\/wp\/v2\/pages\/11","targetHints":{"allow":["GET"]}}],"collection":[{"href":"https:\/\/saudelagom.com.br\/blog\/wp-json\/wp\/v2\/pages"}],"about":[{"href":"https:\/\/saudelagom.com.br\/blog\/wp-json\/wp\/v2\/types\/page"}],"author":[{"embeddable":true,"href":"https:\/\/saudelagom.com.br\/blog\/wp-json\/wp\/v2\/users\/1"}],"replies":[{"embeddable":true,"href":"https:\/\/saudelagom.com.br\/blog\/wp-json\/wp\/v2\/comments?post=11"}],"version-history":[{"count":41,"href":"https:\/\/saudelagom.com.br\/blog\/wp-json\/wp\/v2\/pages\/11\/revisions"}],"predecessor-version":[{"id":118,"href":"https:\/\/saudelagom.com.br\/blog\/wp-json\/wp\/v2\/pages\/11\/revisions\/118"}],"wp:featuredmedia":[{"embeddable":true,"href":"https:\/\/saudelagom.com.br\/blog\/wp-json\/wp\/v2\/media\/47"}],"wp:attachment":[{"href":"https:\/\/saudelagom.com.br\/blog\/wp-json\/wp\/v2\/media?parent=11"}],"curies":[{"name":"wp","href":"https:\/\/api.w.org\/{rel}","templated":true}]}}